{"id":10820,"date":"2020-10-20T10:02:33","date_gmt":"2020-10-20T08:02:33","guid":{"rendered":"https:\/\/seuletoile.fr\/produit\/diego-salamanca\/"},"modified":"2025-12-21T08:10:26","modified_gmt":"2025-12-21T07:10:26","slug":"album-diego-salamanca-2","status":"publish","type":"product","link":"https:\/\/seuletoile.fr\/en\/produit\/album-diego-salamanca-2\/","title":{"rendered":"Diego Salamanca"},"content":{"rendered":"<h4>S.L.Weiss , Lute pieces<\/h4>\n<p>Pour son premier disque en solo, Diego Salamanca interpr\u00e8te une s\u00e9lection de pi\u00e8ces de Silvius Leopold Weiss (1687-1750), v\u00e9ritable g\u00e9nie du luth qui fit \u00e9voluer le style et l\u2019instrument lui-m\u00eame. Weiss a su exploiter avec g\u00e9nie tout ce que son instrument pouvait lui offrir, tirant de ses contraintes une pens\u00e9e esth\u00e9tique d\u2019une solidit\u00e9 extraordinaire, et son \u0153uvre offre une synth\u00e8se des styles musicaux qu\u2019il a c\u00f4toy\u00e9s tout au long de sa carri\u00e8re, au fil des voyages et des rencontres avec d\u2019autres compositeurs tels que Bach, Corelli, Scarlatti et tant d\u2019autres.<\/p>\n<p>Ce disque est accompagn\u00e9 d\u2019un livret \u00e9crit par Diego Salamanca, accompagn\u00e9 des photos d\u2019une fresque peinte par l\u2019artiste Sol LeWitt qui se trouvait dans la salle de l\u2019enregistrement au Donjon de Vez.<\/p>\n","protected":false},"excerpt":{"rendered":"<h4>S.L.Weiss , Pi\u00e8ces de luth<\/h4>\n<p>Pour son premier disque en solo, Diego Salamanca interpr\u00e8te une s\u00e9lection de pi\u00e8ces de Silvius Leopold Weiss (1687-1750), v\u00e9ritable g\u00e9nie du luth qui fit \u00e9voluer le style et l\u2019instrument lui-m\u00eame. Weiss a su exploiter avec g\u00e9nie tout ce que son instrument pouvait lui offrir, tirant de ses contraintes une pens\u00e9e esth\u00e9tique d\u2019une solidit\u00e9 extraordinaire, et son \u0153uvre offre une synth\u00e8se des styles musicaux qu\u2019il a c\u00f4toy\u00e9s tout au long de sa carri\u00e8re, au fil des voyages et des rencontres avec d\u2019autres compositeurs tels que Bach, Corelli, Scarlatti et tant d\u2019autres.<\/p>\n<p>Ce disque est accompagn\u00e9 d\u2019un livret \u00e9crit par Diego Salamanca, accompagn\u00e9 des photos d\u2019une fresque peinte par l\u2019artiste Sol LeWitt qui se trouvait dans la salle de l\u2019enregistrement au Donjon de Vez.<\/p>\n","protected":false},"featured_media":10407,"template":"","meta":{"_seopress_robots_primary_cat":"","_seopress_titles_title":"","_seopress_titles_desc":"","_seopress_robots_index":""},"product_brand":[],"product_cat":[302],"product_tag":[326],"class_list":{"0":"post-10820","1":"product","2":"type-product","3":"status-publish","4":"has-post-thumbnail","6":"product_cat-seuletoile-en","7":"product_tag-album-diego-salamanca-en","9":"first","10":"instock","11":"taxable","12":"shipping-taxable","13":"purchasable","14":"product-type-simple"},"_links":{"self":[{"href":"https:\/\/seuletoile.fr\/en\/wp-json\/wp\/v2\/product\/10820","targetHints":{"allow":["GET"]}}],"collection":[{"href":"https:\/\/seuletoile.fr\/en\/wp-json\/wp\/v2\/product"}],"about":[{"href":"https:\/\/seuletoile.fr\/en\/wp-json\/wp\/v2\/types\/product"}],"wp:featuredmedia":[{"embeddable":true,"href":"https:\/\/seuletoile.fr\/en\/wp-json\/wp\/v2\/media\/10407"}],"wp:attachment":[{"href":"https:\/\/seuletoile.fr\/en\/wp-json\/wp\/v2\/media?parent=10820"}],"wp:term":[{"taxonomy":"product_brand","embeddable":true,"href":"https:\/\/seuletoile.fr\/en\/wp-json\/wp\/v2\/product_brand?post=10820"},{"taxonomy":"product_cat","embeddable":true,"href":"https:\/\/seuletoile.fr\/en\/wp-json\/wp\/v2\/product_cat?post=10820"},{"taxonomy":"product_tag","embeddable":true,"href":"https:\/\/seuletoile.fr\/en\/wp-json\/wp\/v2\/product_tag?post=10820"}],"curies":[{"name":"wp","href":"https:\/\/api.w.org\/{rel}","templated":true}]}}