{"id":12387,"date":"2025-02-05T08:28:59","date_gmt":"2025-02-05T07:28:59","guid":{"rendered":"https:\/\/seuletoile.fr\/?page_id=12387"},"modified":"2025-09-16T17:04:55","modified_gmt":"2025-09-16T15:04:55","slug":"music-for-two","status":"publish","type":"page","link":"https:\/\/seuletoile.fr\/en\/music-for-two\/","title":{"rendered":"Music for two"},"content":{"rendered":"<div class=\"wpb-content-wrapper\"><p>[vc_row css=&#8221;.vc_custom_1604332516720{padding-top: 8.33% !important;padding-bottom: 8.2% !important;}&#8221;][vc_column offset=&#8221;vc_col-lg-6 vc_col-md-12&#8243;]<div class=\"edgtf-album-disc edgtf-animate-on-appear\">\n\t\t<div class=\"edgtf-album-disc-inner\">\n\t\t<div class=\"edgtf-album-disc-case-holder\">\n\t\t\t<img decoding=\"async\" class=\"edgtf-album-disc-case\" src=\"https:\/\/seuletoile.fr\/wp-content\/uploads\/2024\/11\/couv-Music-for-two-399px-par-399px.jpg\" alt=\"couv 399px par 399px\" \/>\n\t\t<\/div>\n\t\t<div class=\"edgtf-album-disc-element\">\n\t\t\t<div class=\"edgtf-album-disc-image-holder\">\n\t\t\t\t<div class=\"edgtf-album-disc-image\" style=\"background-image:url(https:\/\/seuletoile.fr\/wp-content\/uploads\/2025\/02\/Galette.jpg)\">\n\t\t\t\t\t<span class=\"edgtf-album-disc-border\" ><\/span>\n\t\t\t\t<\/div> \n\t\t\t<\/div>\t\t\t\n\t\t<\/div>\n\t<\/div>\n<\/div>[vc_empty_space height=&#8221;21px&#8221;][vc_column_text css=&#8221;&#8221;]<a href=\"https:\/\/music.imusician.pro\/a\/-J_nMDX4?_gl=1*5slbr8*_gcl_aw*R0NMLjE3NDM3NTExOTQuQ2owS0NRandocjZfQmhENEFSSXNBSDFZZGpDYlJhd0pOemhxdXFCSER1bThROE9nSjgyS3FjS200Q1lXblUyM2ZvU0ZxWWFOcHVNMzB4RWFBak5wRUFMd193Y0I.*_gcl_au*MTk5MjcyODM4OS4xNzQxODYyMDg2*_ga*MTUxMjMyNzg4NC4xNzMxNjYwMzUw*_ga_CKVGD9LPNT*MTc0Mzc1MTE5My4xMy4xLjE3NDM3NTEyMzUuMTUuMC4w\">You can listen to the record on streaming sites.<\/a>[\/vc_column_text][vc_empty_space height=&#8221;21 px&#8221;]<div class=\"edgtf-album-track-list edgtf-album-dark\" id=\"edgt-album-id-1925149144\">\n\t\t<div class=\"edgtf-album-track\" data-track-order=\"1\">\n\t\t\t<span class=\"edgtf-at-title\">\n\t\t\t\t\t\t\t\t\t<span class=\"edgtf-at-number\">1. <\/span>Quodlings Delight\t\t\t\t\t\t\t<\/span>\n\t\t\t<span class=\"edgtf-at-time\">2:30<\/span>\n\t\t\t<a class=\"edgtf-at-play-button\">\n\t\t\t\t<audio src=\"https:\/\/seuletoile.fr\/wp-content\/uploads\/2025\/02\/13-Quodlings-Delight.mp3\"><\/audio>\n\t\t\t\t<i class=\"fa fa-play edgtf-at-play-icon\"><\/i><i class=\"fa fa-pause edgtf-at-pause-icon\"><\/i>\n\t\t\t<\/a>\n\t\t\t<span class=\"edgtf-at-video-button-holder\">\n\t\t\t\t\t\t\t<\/span>\n\t\t\t<span class=\"edgtf-at-download-holder\">\n\t\t\t\t\t\t\t<\/span>\n\t\t<\/div>\n\t\t<div class=\"edgtf-album-track\" data-track-order=\"2\">\n\t\t\t<span class=\"edgtf-at-title\">\n\t\t\t\t\t\t\t\t\t<span class=\"edgtf-at-number\">2. <\/span>The Irishe Ho-Hoane\t\t\t\t\t\t\t<\/span>\n\t\t\t<span class=\"edgtf-at-time\">0:49<\/span>\n\t\t\t<a class=\"edgtf-at-play-button\">\n\t\t\t\t<audio src=\"https:\/\/seuletoile.fr\/wp-content\/uploads\/2025\/02\/11-The-Irishe-Ho-Hoane.mp3\"><\/audio>\n\t\t\t\t<i class=\"fa fa-play edgtf-at-play-icon\"><\/i><i class=\"fa fa-pause edgtf-at-pause-icon\"><\/i>\n\t\t\t<\/a>\n\t\t\t<span class=\"edgtf-at-video-button-holder\">\n\t\t\t\t\t\t\t<\/span>\n\t\t\t<span class=\"edgtf-at-download-holder\">\n\t\t\t\t\t\t\t<\/span>\n\t\t<\/div>\n\t\t<div class=\"edgtf-album-track\" data-track-order=\"3\">\n\t\t\t<span class=\"edgtf-at-title\">\n\t\t\t\t\t\t\t\t\t<span class=\"edgtf-at-number\">3. <\/span>Nancie\t\t\t\t\t\t\t<\/span>\n\t\t\t<span class=\"edgtf-at-time\">3:23<\/span>\n\t\t\t<a class=\"edgtf-at-play-button\">\n\t\t\t\t<audio src=\"https:\/\/seuletoile.fr\/wp-content\/uploads\/2025\/02\/16-Nancie.mp3\"><\/audio>\n\t\t\t\t<i class=\"fa fa-play edgtf-at-play-icon\"><\/i><i class=\"fa fa-pause edgtf-at-pause-icon\"><\/i>\n\t\t\t<\/a>\n\t\t\t<span class=\"edgtf-at-video-button-holder\">\n\t\t\t\t\t\t\t<\/span>\n\t\t\t<span class=\"edgtf-at-download-holder\">\n\t\t\t\t\t\t\t<\/span>\n\t\t<\/div>\n<\/div>[vc_empty_space][\/vc_column][vc_column offset=&#8221;vc_col-lg-6 vc_col-md-12&#8243;][vc_raw_html css=&#8221;&#8221;]JTNDaDElMjBpZCUzRCUyMnRpdHJlc3BhZ2VzJTIyJTNFTXVzaWMlMjBmb3IlMjB0d28lM0MlMkZoMSUzRQ==[\/vc_raw_html][vc_column_text css=&#8221;&#8221;]<\/p>\n<h4>Duo Coloquintes<\/h4>\n<h5>Alice Julien-Laferri\u00e8re, violin | Mathilde Vialle, bass viol<\/h5>\n<p>Release 4th april 2025 \u2013 CD \u2013 reference : SEC 02 \u2013 run time : 53\u201919 \u2013 Label : Seul\u00e9toile \u2013 Distribution : Socadisc (France) &amp; iMusician (digital) \u2013 ISBN : 3770020083198 &#8211; CD &amp; booklet printed and made in France<\/p>\n<p>Price : 15\u20ac<\/p>\n<form class=\"cart\" enctype=\"multipart\/form-data\" method=\"post\"><input name=\"add-to-cart\" type=\"hidden\" value=\"12405\" \/><\/p>\n<p><button class=\"edgtf-btn edgtf-btn-medium edgtf-btn-outline single_add_to_cart_button alt\" type=\"submit\"> <span class=\"edgtf-btn-text\">Add to cart<\/span><\/button><\/p>\n<\/form>\n<p>[\/vc_column_text][vc_empty_space height=&#8221;15px&#8221;][vc_column_text css=&#8221;&#8221;]<\/p>\n<div style=\"text-align: justify;\">\n<p><span style=\"font-weight: 400;\">For its third recording, <\/span><span style=\"font-weight: 400;\">the Duo Coloquintes draws on the virtuoso repertoire of the English virginalists, offering previously unpublished transcriptions of these pieces originally written for keyboard. Alongside pieces from the <\/span><i><span style=\"font-weight: 400;\">Fitzwilliam Virginal Book<\/span><\/i><span style=\"font-weight: 400;\">, we hear the moving <\/span><i><span style=\"font-weight: 400;\">Captaine Humes Lamentations<\/span><\/i><span style=\"font-weight: 400;\"> by violist Tobias Hume, as well as a suite from the <\/span><i><span style=\"font-weight: 400;\">M<\/span><\/i><i><span style=\"font-weight: 400;\">anuscript of Susanne van Soldt<\/span><\/i><span style=\"font-weight: 400;\">, a young woman who learned to play the keyboard in England at the end of the sixteenth century&#8230;<\/span><\/p>\n<h5><a href=\"https:\/\/www.duo-coloquintes.fr\/\">https:\/\/www.duo-coloquintes.fr\/<\/a><\/h5>\n<\/div>\n<p>[\/vc_column_text][\/vc_column][\/vc_row][vc_row][vc_column][vc_empty_space height=&#8221;24px&#8221;][\/vc_column][\/vc_row][vc_row][vc_column][vc_video link=&#8221;https:\/\/youtu.be\/QEecrcZkYwo?si=eqXA7zguw8kOdf9-&#8221; css=&#8221;&#8221;][\/vc_column][\/vc_row][vc_row][vc_column][vc_empty_space][\/vc_column][\/vc_row]<\/p>\n<\/div>","protected":false},"excerpt":{"rendered":"<p>[vc_row css=&#8221;.vc_custom_1604332516720{padding-top: 8.33% !important;padding-bottom: 8.2% !important;}&#8221;][vc_column offset=&#8221;vc_col-lg-6 vc_col-md-12&#8243;][vc_empty_space height=&#8221;21px&#8221;][vc_column_text css=&#8221;&#8221;]You can listen to the record on streaming sites.[\/vc_column_text][vc_empty_space height=&#8221;21 px&#8221;][vc_empty_space][\/vc_column][vc_column offset=&#8221;vc_col-lg-6 vc_col-md-12&#8243;][vc_raw_html css=&#8221;&#8221;]JTNDaDElMjBpZCUzRCUyMnRpdHJlc3BhZ2VzJTIyJTNFTXVzaWMlMjBmb3IlMjB0d28lM0MlMkZoMSUzRQ==[\/vc_raw_html][vc_column_text css=&#8221;&#8221;] Duo Coloquintes Alice Julien-Laferri\u00e8re, violin | Mathilde Vialle, bass viol Release 4th april 2025 \u2013 CD \u2013 reference : SEC 02&#8230;<\/p>\n","protected":false},"author":2,"featured_media":0,"parent":0,"menu_order":0,"comment_status":"closed","ping_status":"closed","template":"","meta":{"_seopress_robots_primary_cat":"","_seopress_titles_title":"Music for two","_seopress_titles_desc":"Pour ce troisi\u00e8me disque, le Duo Coloquintes puise dans le r\u00e9pertoire virtuose des virginalistes anglais, et propose des transcriptions in\u00e9dites de ces pi\u00e8ces initialement \u00e9crites pour clavier.","_seopress_robots_index":"","footnotes":""},"class_list":["post-12387","page","type-page","status-publish"],"_links":{"self":[{"href":"https:\/\/seuletoile.fr\/en\/wp-json\/wp\/v2\/pages\/12387","targetHints":{"allow":["GET"]}}],"collection":[{"href":"https:\/\/seuletoile.fr\/en\/wp-json\/wp\/v2\/pages"}],"about":[{"href":"https:\/\/seuletoile.fr\/en\/wp-json\/wp\/v2\/types\/page"}],"author":[{"embeddable":true,"href":"https:\/\/seuletoile.fr\/en\/wp-json\/wp\/v2\/users\/2"}],"replies":[{"embeddable":true,"href":"https:\/\/seuletoile.fr\/en\/wp-json\/wp\/v2\/comments?post=12387"}],"version-history":[{"count":10,"href":"https:\/\/seuletoile.fr\/en\/wp-json\/wp\/v2\/pages\/12387\/revisions"}],"predecessor-version":[{"id":12719,"href":"https:\/\/seuletoile.fr\/en\/wp-json\/wp\/v2\/pages\/12387\/revisions\/12719"}],"wp:attachment":[{"href":"https:\/\/seuletoile.fr\/en\/wp-json\/wp\/v2\/media?parent=12387"}],"curies":[{"name":"wp","href":"https:\/\/api.w.org\/{rel}","templated":true}]}}