{"id":12348,"date":"2024-12-31T12:38:11","date_gmt":"2024-12-31T11:38:11","guid":{"rendered":"https:\/\/seuletoile.fr\/from-byrd-2\/"},"modified":"2025-04-09T14:20:23","modified_gmt":"2025-04-09T12:20:23","slug":"from-byrd","status":"publish","type":"page","link":"https:\/\/seuletoile.fr\/en\/from-byrd\/","title":{"rendered":"From Byrd"},"content":{"rendered":"<div class=\"wpb-content-wrapper\"><p>[vc_row css=&#8221;.vc_custom_1604332516720{padding-top: 8.33% !important;padding-bottom: 8.2% !important;}&#8221;][vc_column offset=&#8221;vc_col-lg-6 vc_col-md-12&#8243;]<div class=\"edgtf-album-disc edgtf-animate-on-appear\">\n\t\t<div class=\"edgtf-album-disc-inner\">\n\t\t<div class=\"edgtf-album-disc-case-holder\">\n\t\t\t<img decoding=\"async\" class=\"edgtf-album-disc-case\" src=\"https:\/\/seuletoile.fr\/wp-content\/uploads\/2024\/11\/TMH_399x399px.jpg\" alt=\"TMH_399x399px\" \/>\n\t\t<\/div>\n\t\t<div class=\"edgtf-album-disc-element\">\n\t\t\t<div class=\"edgtf-album-disc-image-holder\">\n\t\t\t\t<div class=\"edgtf-album-disc-image\" style=\"background-image:url(https:\/\/seuletoile.fr\/wp-content\/uploads\/2024\/12\/Galette-TMH.png)\">\n\t\t\t\t\t<span class=\"edgtf-album-disc-border\" ><\/span>\n\t\t\t\t<\/div> \n\t\t\t<\/div>\t\t\t\n\t\t<\/div>\n\t<\/div>\n<\/div>[vc_empty_space height=&#8221;21px&#8221;][vc_column_text css=&#8221;&#8221;]<\/p>\n<p><a href=\"https:\/\/music.imusician.pro\/a\/Cjs12ayO\" target=\"_blank\" rel=\"noopener\">You can listen to the album on streaming sites.<\/a><\/p>\n<p>[\/vc_column_text][vc_empty_space]<div class=\"edgtf-album-track-list edgtf-album-dark\" id=\"edgt-album-id-1735082060\">\n\t\t<div class=\"edgtf-album-track\" data-track-order=\"1\">\n\t\t\t<span class=\"edgtf-at-title\">\n\t\t\t\t\t\t\t\t\t<span class=\"edgtf-at-number\">1. <\/span>Kyrie, Mass for 3 voices, William Byrd\t\t\t\t\t\t\t<\/span>\n\t\t\t<span class=\"edgtf-at-time\">1:02<\/span>\n\t\t\t<a class=\"edgtf-at-play-button\">\n\t\t\t\t<audio src=\"https:\/\/seuletoile.fr\/wp-content\/uploads\/2024\/12\/01-Trio-Musica-Humana-Kyrie-96000Hz-24bits-19102024.wav\"><\/audio>\n\t\t\t\t<i class=\"fa fa-play edgtf-at-play-icon\"><\/i><i class=\"fa fa-pause edgtf-at-pause-icon\"><\/i>\n\t\t\t<\/a>\n\t\t\t<span class=\"edgtf-at-video-button-holder\">\n\t\t\t\t\t\t\t<\/span>\n\t\t\t<span class=\"edgtf-at-download-holder\">\n\t\t\t\t\t\t\t<\/span>\n\t\t<\/div>\n\t\t<div class=\"edgtf-album-track\" data-track-order=\"2\">\n\t\t\t<span class=\"edgtf-at-title\">\n\t\t\t\t\t\t\t\t\t<span class=\"edgtf-at-number\">2. <\/span>Rogero, John Johnson\t\t\t\t\t\t\t<\/span>\n\t\t\t<span class=\"edgtf-at-time\">1:54<\/span>\n\t\t\t<a class=\"edgtf-at-play-button\">\n\t\t\t\t<audio src=\"https:\/\/seuletoile.fr\/wp-content\/uploads\/2024\/12\/15-Trio-Musica-Humana-Rogero-96000Hz-24bits-19102024.wav\"><\/audio>\n\t\t\t\t<i class=\"fa fa-play edgtf-at-play-icon\"><\/i><i class=\"fa fa-pause edgtf-at-pause-icon\"><\/i>\n\t\t\t<\/a>\n\t\t\t<span class=\"edgtf-at-video-button-holder\">\n\t\t\t\t\t\t\t<\/span>\n\t\t\t<span class=\"edgtf-at-download-holder\">\n\t\t\t\t\t\t\t<\/span>\n\t\t<\/div>\n\t\t<div class=\"edgtf-album-track\" data-track-order=\"3\">\n\t\t\t<span class=\"edgtf-at-title\">\n\t\t\t\t\t\t\t\t\t<span class=\"edgtf-at-number\">3. <\/span>Springtime, Thomas Morley\t\t\t\t\t\t\t<\/span>\n\t\t\t<span class=\"edgtf-at-time\">1:36<\/span>\n\t\t\t<a class=\"edgtf-at-play-button\">\n\t\t\t\t<audio src=\"https:\/\/seuletoile.fr\/wp-content\/uploads\/2024\/12\/11-Trio-Musica-Humana-Springtime-96000Hz-24bits-19102024.wav\"><\/audio>\n\t\t\t\t<i class=\"fa fa-play edgtf-at-play-icon\"><\/i><i class=\"fa fa-pause edgtf-at-pause-icon\"><\/i>\n\t\t\t<\/a>\n\t\t\t<span class=\"edgtf-at-video-button-holder\">\n\t\t\t\t\t\t\t<\/span>\n\t\t\t<span class=\"edgtf-at-download-holder\">\n\t\t\t\t\t\t\t<\/span>\n\t\t<\/div>\n<\/div>[vc_empty_space][\/vc_column][vc_column offset=&#8221;vc_col-lg-6 vc_col-md-12&#8243; el_class=&#8221;inverser-colonnes&#8221;][vc_column_text css=&#8221;&#8221;]<\/p>\n<h3>Trio Musica Humana &amp; Elisabeth Geiger<\/h3>\n<h4>From Byrd<\/h4>\n<h5>Martial Pauliat, t\u00e9nor, muselaar | Yann Rolland, contre-t\u00e9nor | Igor Bouin, baryton | Elisabeth Geiger, muselaar<\/h5>\n<p>Release : 28th February 2025 \u2013 simple CD \u2013 reference : SE 12 \u2013 run time : 42\u201959<br \/>\nLabel : Seul\u00e9toile \u2013 \u00a0Distributing company : Socadisc (France), Klassik Center (Germany) &amp; iMusician (digital) \u2013 ISBN : 3770020083181 \u2013 CD &amp; booklet, printed and made in France<\/p>\n<p>Prix : 15\u20ac<\/p>\n<form class=\"cart\" enctype=\"multipart\/form-data\" method=\"post\"><input name=\"add-to-cart\" type=\"hidden\" value=\"12333\" \/><\/p>\n<p><button class=\"edgtf-btn edgtf-btn-medium edgtf-btn-outline single_add_to_cart_button alt\" type=\"submit\"> <span class=\"edgtf-btn-text\">Ajouter au panier<\/span> <\/button><\/p>\n<\/form>\n<p>[\/vc_column_text][vc_empty_space height=&#8221;15px&#8221;][vc_column_text css=&#8221;&#8221;]<\/p>\n<div style=\"text-align: justify;\">\n<p>For its first recording, the Musica Humana Trio has chosen to record the <em>Mass for 3 voices<\/em> by William Byrd (1539-1623), and to build around this work a programme for three male voices and virginal, made up of madrigals and instrumental pieces by William Byrd, Thomas Weelkes, Thomas Tomkins, Giles Farnaby, Thomas Morley, and John Johnson.<\/p>\n<p><em>From Byrd<\/em> is a nostalgic tribute to the English composer, as well as to the beginnings of their trio, the three TMH singers having met around this <em>Mass for 3 voices<\/em> when they were at the Ma\u00eetrise Notre-Dame de Paris. Lionel Sow was the choirmaster at the time &#8211; so the disc is under his aegis, and opens with a text by him. It also includes a text on the muselaar by Elisabeth Geiger, a text on William Byrd by S\u00e9bastien Mahieux and a text by J\u00e9r\u00e9mie Arcache, who was responsible for the artistic direction of the album.<\/p>\n<p>Booklet in French and English.<\/p>\n<\/div>\n<div style=\"text-align: justify;\">\n<p>[\/vc_column_text][vc_empty_space][\/vc_column][\/vc_row][vc_row][vc_column][vc_empty_space][\/vc_column][\/vc_row][vc_row][vc_column][vc_column_text]<\/p>\n<\/div>\n<p>[\/vc_column_text][\/vc_column][\/vc_row][vc_row][vc_column][vc_video link=&#8221;https:\/\/youtu.be\/iQawA5Y_iMQ?si=pGTMSHg9FREjfgzR&#8221; css=&#8221;&#8221;][\/vc_column][\/vc_row][vc_row][vc_column][vc_empty_space][\/vc_column][\/vc_row]<\/p>\n<\/div>","protected":false},"excerpt":{"rendered":"<p>[vc_row css=&#8221;.vc_custom_1604332516720{padding-top: 8.33% !important;padding-bottom: 8.2% !important;}&#8221;][vc_column offset=&#8221;vc_col-lg-6 vc_col-md-12&#8243;][vc_empty_space height=&#8221;21px&#8221;][vc_column_text css=&#8221;&#8221;] You can listen to the album on streaming sites. [\/vc_column_text][vc_empty_space][vc_empty_space][\/vc_column][vc_column offset=&#8221;vc_col-lg-6 vc_col-md-12&#8243; el_class=&#8221;inverser-colonnes&#8221;][vc_column_text css=&#8221;&#8221;] Trio Musica Humana &amp; Elisabeth Geiger From Byrd Martial Pauliat, t\u00e9nor, muselaar | Yann Rolland, contre-t\u00e9nor | Igor Bouin, baryton |&#8230;<\/p>\n","protected":false},"author":2,"featured_media":0,"parent":0,"menu_order":0,"comment_status":"closed","ping_status":"closed","template":"","meta":{"_seopress_robots_primary_cat":"","_seopress_titles_title":"","_seopress_titles_desc":"","_seopress_robots_index":"","footnotes":""},"class_list":["post-12348","page","type-page","status-publish"],"_links":{"self":[{"href":"https:\/\/seuletoile.fr\/en\/wp-json\/wp\/v2\/pages\/12348","targetHints":{"allow":["GET"]}}],"collection":[{"href":"https:\/\/seuletoile.fr\/en\/wp-json\/wp\/v2\/pages"}],"about":[{"href":"https:\/\/seuletoile.fr\/en\/wp-json\/wp\/v2\/types\/page"}],"author":[{"embeddable":true,"href":"https:\/\/seuletoile.fr\/en\/wp-json\/wp\/v2\/users\/2"}],"replies":[{"embeddable":true,"href":"https:\/\/seuletoile.fr\/en\/wp-json\/wp\/v2\/comments?post=12348"}],"version-history":[{"count":10,"href":"https:\/\/seuletoile.fr\/en\/wp-json\/wp\/v2\/pages\/12348\/revisions"}],"predecessor-version":[{"id":12589,"href":"https:\/\/seuletoile.fr\/en\/wp-json\/wp\/v2\/pages\/12348\/revisions\/12589"}],"wp:attachment":[{"href":"https:\/\/seuletoile.fr\/en\/wp-json\/wp\/v2\/media?parent=12348"}],"curies":[{"name":"wp","href":"https:\/\/api.w.org\/{rel}","templated":true}]}}