{"id":12273,"date":"2024-04-08T14:30:04","date_gmt":"2024-04-08T12:30:04","guid":{"rendered":"https:\/\/seuletoile.fr\/mathilde-mugot\/"},"modified":"2024-11-20T21:32:43","modified_gmt":"2024-11-20T20:32:43","slug":"mathilde-mugot","status":"publish","type":"page","link":"https:\/\/seuletoile.fr\/en\/mathilde-mugot\/","title":{"rendered":"Mathilde Mugot"},"content":{"rendered":"<div class=\"wpb-content-wrapper\"><p>[vc_row content_width=&#8221;grid&#8221; css=&#8221;.vc_custom_1490354378362{padding-top: 89px !important;padding-bottom: 25px !important;}&#8221;][vc_column offset=&#8221;vc_col-lg-6 vc_col-md-12&#8243;][vc_single_image image=&#8221;12021&#8243; img_size=&#8221;full&#8221; alignment=&#8221;center&#8221;][vc_column_text]<\/p>\n<p style=\"text-align: center;\" data-mce-style=\"text-align: center;\"><small>Picture of Alain Chudeau<br \/><\/small><\/p>\n<p>[\/vc_column_text][vc_empty_space height=&#8221;50px&#8221;][\/vc_column][vc_column offset=&#8221;vc_col-lg-6 vc_col-md-12&#8243;]<div class=\"edgtf-elements-holder edgtf-responsive-mode-1280 edgtf-one-column-alignment-left\" ><div class=\"edgtf-elements-holder-item \" data-item-class=\"edgtf-elements-holder-custom-980473\" data-1024-1280=\"0 0 0 4%\" data-768-1024=\"24px 0 0 0%\" data-600-768=\"24px 0 0 0%\" data-480-600=\"24px 0 0 0%\" data-480=\"10px 0 0 0%\" >\n\t<div class=\"edgtf-elements-holder-item-inner\">\n\t\t<div class=\"edgtf-elements-holder-item-content edgtf-elements-holder-custom-980473\" style=\"padding: 0 0 0 17%\">\n\t\t\t[vc_column_text]<\/p>\n<h1 id=\"titrespages2\">MATHILDE MUGOT<\/h1>\n<p>[\/vc_column_text][vc_empty_space height=&#8221;28px&#8221;][vc_column_text]<\/p>\n<div class=\"wpb_text_column wpb_content_element \">\n<div class=\"wpb_wrapper\" style=\"text-align: justify;\" data-mce-style=\"text-align: justify;\">\n<p>From Monaco to Lyon, via Amsterdam and Basel, Mathilde Mugot has many musical and human encounters.<\/p>\n<p>Graduated from the National Conservatory of Music and Dance in Lyon and the Schola Cantorum in Basel, she began her musical studies at the Academy of Music of Monaco in the classes of harpsichord and cello.<\/p>\n<p>She perfects in harpsichord, bass-continuous and improvisation with Jean-Marc Aymes, Dirk B\u00f6rner, J\u00f6rg-Andreas B\u00f6tticher and Menno Van Delft. But also in baroque cello at the CRR of Lyon with Hager Hanana. The successive meetings of Elisabeth Joy\u00e9 and Bertrand Cuiller mark a turning point in his career.<\/p>\n<p>The practice of the cello undeniably enriches his playing and his approach to the keyboard. And it is both the harpsichord and cello that she has the opportunity from 2011, to play under the direction of Rheinard Goebel, Paul Agnew, Fran\u00e7ois-Xavier Roth, Amandine Beyer, among others.<\/p>\n<p>Since then, she has been attending the festivals of Royaumont, Saintes, Callas, Sospel, Jeunes Talents and Mars en Baroque. She likes to share the stage with her friends of the Orchestre National de Lyon or in sonata with the violist Andr\u00e9 Lislevand.<\/p>\n<\/div>\n<\/div>\n<p>[\/vc_column_text][vc_empty_space height=&#8221;95px&#8221;]\t\t<\/div>\n\t<\/div>\n<\/div><\/div>[vc_empty_space height=&#8221;50px&#8221;][\/vc_column][\/vc_row]<\/p>\n<\/div>","protected":false},"excerpt":{"rendered":"<p>[vc_row content_width=&#8221;grid&#8221; css=&#8221;.vc_custom_1490354378362{padding-top: 89px !important;padding-bottom: 25px !important;}&#8221;][vc_column offset=&#8221;vc_col-lg-6 vc_col-md-12&#8243;][vc_single_image image=&#8221;12021&#8243; img_size=&#8221;full&#8221; alignment=&#8221;center&#8221;][vc_column_text] Picture of Alain Chudeau [\/vc_column_text][vc_empty_space height=&#8221;50px&#8221;][\/vc_column][vc_column offset=&#8221;vc_col-lg-6 vc_col-md-12&#8243;][vc_empty_space height=&#8221;50px&#8221;][\/vc_column][\/vc_row]<\/p>\n","protected":false},"author":2,"featured_media":0,"parent":0,"menu_order":0,"comment_status":"closed","ping_status":"closed","template":"full-width.php","meta":{"_seopress_robots_primary_cat":"","_seopress_titles_title":"Mathilde Mugot","_seopress_titles_desc":"","_seopress_robots_index":"","footnotes":""},"class_list":["post-12273","page","type-page","status-publish"],"_links":{"self":[{"href":"https:\/\/seuletoile.fr\/en\/wp-json\/wp\/v2\/pages\/12273","targetHints":{"allow":["GET"]}}],"collection":[{"href":"https:\/\/seuletoile.fr\/en\/wp-json\/wp\/v2\/pages"}],"about":[{"href":"https:\/\/seuletoile.fr\/en\/wp-json\/wp\/v2\/types\/page"}],"author":[{"embeddable":true,"href":"https:\/\/seuletoile.fr\/en\/wp-json\/wp\/v2\/users\/2"}],"replies":[{"embeddable":true,"href":"https:\/\/seuletoile.fr\/en\/wp-json\/wp\/v2\/comments?post=12273"}],"version-history":[{"count":0,"href":"https:\/\/seuletoile.fr\/en\/wp-json\/wp\/v2\/pages\/12273\/revisions"}],"wp:attachment":[{"href":"https:\/\/seuletoile.fr\/en\/wp-json\/wp\/v2\/media?parent=12273"}],"curies":[{"name":"wp","href":"https:\/\/api.w.org\/{rel}","templated":true}]}}