{"id":12087,"date":"2024-04-08T13:36:34","date_gmt":"2024-04-08T11:36:34","guid":{"rendered":"https:\/\/seuletoile.fr\/the-living-room-of-the-hasard-street\/"},"modified":"2025-09-16T17:07:11","modified_gmt":"2025-09-16T15:07:11","slug":"the-living-room-of-the-hasard-street","status":"publish","type":"page","link":"https:\/\/seuletoile.fr\/en\/the-living-room-of-the-hasard-street\/","title":{"rendered":"The living room of the Hasard street"},"content":{"rendered":"<div class=\"wpb-content-wrapper\"><p>[vc_row css=&#8221;.vc_custom_1604332516720{padding-top: 8.33% !important;padding-bottom: 8.2% !important;}&#8221;][vc_column offset=&#8221;vc_col-lg-6 vc_col-md-12&#8243;]<div class=\"edgtf-album-disc edgtf-animate-on-appear\">\n\t\t\t<a href=\"http:\/\/localhost:8888\/seuletoile\/product\/album-le-violon-et-loiseau\/\" target=\"_self\"><\/a>\n\t\t<div class=\"edgtf-album-disc-inner\">\n\t\t<div class=\"edgtf-album-disc-case-holder\">\n\t\t\t<img decoding=\"async\" class=\"edgtf-album-disc-case\" src=\"https:\/\/seuletoile.fr\/wp-content\/uploads\/2024\/05\/Couverture-adaptation-carree-399x399px.jpg\" alt=\"Couverture adaptation carre\u0301e 399x399px\" \/>\n\t\t<\/div>\n\t\t<div class=\"edgtf-album-disc-element\">\n\t\t\t<div class=\"edgtf-album-disc-image-holder\">\n\t\t\t\t<div class=\"edgtf-album-disc-image\" style=\"background-image:url(https:\/\/seuletoile.fr\/wp-content\/uploads\/2024\/05\/GaletteCD_MathildeMugot.png)\">\n\t\t\t\t\t<span class=\"edgtf-album-disc-border\" ><\/span>\n\t\t\t\t<\/div> \n\t\t\t<\/div>\t\t\t\n\t\t<\/div>\n\t<\/div>\n<\/div>[vc_empty_space height=&#8221;21px&#8221;][vc_column_text]<\/p>\n<p>.<a href=\"https:\/\/music.imusician.pro\/a\/6NUI8967\/\">You can listen to the record on the streaming sites<\/a><\/p>\n<p>[\/vc_column_text][vc_empty_space]<div class=\"edgtf-album-track-list \" id=\"edgt-album-id-571689892\">\n\t\t<div class=\"edgtf-album-track\" data-track-order=\"1\">\n\t\t\t<span class=\"edgtf-at-title\">\n\t\t\t\t\t\t\t\t\t<span class=\"edgtf-at-number\">1. <\/span>Les Papillons, Fran\u00e7ois Couperin\t\t\t\t\t\t\t<\/span>\n\t\t\t<span class=\"edgtf-at-time\">2:03<\/span>\n\t\t\t<a class=\"edgtf-at-play-button\">\n\t\t\t\t<audio src=\"https:\/\/seuletoile.fr\/wp-content\/uploads\/2024\/04\/29-Les-Papillons-extrait-du-2e-Ordre-du-Premier-livre-de-pieces-de-clavecin-1713-Francois-Couperin-Mathilde-Mugot.mp3\"><\/audio>\n\t\t\t\t<i class=\"fa fa-play edgtf-at-play-icon\"><\/i><i class=\"fa fa-pause edgtf-at-pause-icon\"><\/i>\n\t\t\t<\/a>\n\t\t\t<span class=\"edgtf-at-video-button-holder\">\n\t\t\t\t\t\t\t<\/span>\n\t\t\t<span class=\"edgtf-at-download-holder\">\n\t\t\t\t\t\t\t<\/span>\n\t\t<\/div>\n\t\t<div class=\"edgtf-album-track\" data-track-order=\"2\">\n\t\t\t<span class=\"edgtf-at-title\">\n\t\t\t\t\t\t\t\t\t<span class=\"edgtf-at-number\">2. <\/span>Chaconne de Phaeton, Jean-Henri D\u2019Anglebert\t\t\t\t\t\t\t<\/span>\n\t\t\t<span class=\"edgtf-at-time\">4:08<\/span>\n\t\t\t<a class=\"edgtf-at-play-button\">\n\t\t\t\t<audio src=\"https:\/\/seuletoile.fr\/wp-content\/uploads\/2024\/04\/10-Chaconne-de-Phaeton-Jean-Henri-D-Anglebert-Mathilde-Mugot.mp3\"><\/audio>\n\t\t\t\t<i class=\"fa fa-play edgtf-at-play-icon\"><\/i><i class=\"fa fa-pause edgtf-at-pause-icon\"><\/i>\n\t\t\t<\/a>\n\t\t\t<span class=\"edgtf-at-video-button-holder\">\n\t\t\t\t\t\t\t<\/span>\n\t\t\t<span class=\"edgtf-at-download-holder\">\n\t\t\t\t\t\t\t<\/span>\n\t\t<\/div>\n\t\t<div class=\"edgtf-album-track\" data-track-order=\"3\">\n\t\t\t<span class=\"edgtf-at-title\">\n\t\t\t\t\t\t\t\t\t<span class=\"edgtf-at-number\">3. <\/span>J&#039;avais cru en vous aymant, anonyme\t\t\t\t\t\t\t<\/span>\n\t\t\t<span class=\"edgtf-at-time\">2:56<\/span>\n\t\t\t<a class=\"edgtf-at-play-button\">\n\t\t\t\t<audio src=\"https:\/\/seuletoile.fr\/wp-content\/uploads\/2024\/04\/16-J-avois-cru-qu-en-vous-aymant-Anonyme-Mathilde-Mugot.mp3\"><\/audio>\n\t\t\t\t<i class=\"fa fa-play edgtf-at-play-icon\"><\/i><i class=\"fa fa-pause edgtf-at-pause-icon\"><\/i>\n\t\t\t<\/a>\n\t\t\t<span class=\"edgtf-at-video-button-holder\">\n\t\t\t\t\t\t\t<\/span>\n\t\t\t<span class=\"edgtf-at-download-holder\">\n\t\t\t\t\t\t\t<\/span>\n\t\t<\/div>\n<\/div>[vc_empty_space][\/vc_column][vc_column offset=&#8221;vc_col-lg-6 vc_col-md-12&#8243; el_class=&#8221;inverser-colonnes&#8221;][vc_column_text css=&#8221;&#8221;]<\/p>\n<h3>The living room of the Hasard street<\/h3>\n<h4>Miss Certain, harpsichordist of the Great Century<\/h4>\n<h5>Mathilde Mugot, harpsichord<\/h5>\n<p>Release\u00a0 May 3, 2024 \u2013 CD \u2013 reference : SE 10 \u2013 run time : 64\u201956<br \/>\nLabel : Seul\u00e9toile \u2013 Distributing company : Socadisc &amp; iMusician (digital) \u2013 ISBN : 3770020083150 \u2013 CD &amp; booklet, printed and made in France<\/p>\n<p>Price : 15\u20ac<\/p>\n<form class=\"cart\" enctype=\"multipart\/form-data\" method=\"post\"><input name=\"add-to-cart\" type=\"hidden\" value=\"12002\" \/><\/p>\n<p><button class=\"edgtf-btn edgtf-btn-medium edgtf-btn-outline single_add_to_cart_button alt\" type=\"submit\"> <span class=\"edgtf-btn-text\">Ajouter au panier<\/span> <\/button><\/p>\n<\/form>\n<p>[\/vc_column_text][vc_empty_space height=&#8221;15px&#8221;][vc_column_text]<\/p>\n<div style=\"text-align: justify;\">\n<p>For her first discographic release, Mathilde Mugot places this recording around a Parisian music fair in 17th century France.<\/p>\n<p>On February 1, 1711, i, the Hasard street in Paris, dies Marie-Fran\u00e7oise Certain, one of the most important musical personalities of the seventeenth century to whom this CD pays tribute. Significant at the time, but now well forgotten except in the admiring verses of La Fontaine:<\/p>\n<p>Some, in a thousand places equally charming,<br \/>\nAnd in a thousand fine arts also learned,<br \/>\nWhose rare genius and brilliant hands<br \/>\nOutnumber Chambonni\u00e8res, Hardel, the Couperins.<\/p>\n<p>The program of this disc invites you in the musical intimacy of an exceptional woman, who rubbed shoulders with La Fontaine and Lully and knew to remain free while living of her art. Mathilde Mugot plays the music that Marie-Fran\u00e7oise Certain and the greatest musicians of the time performed in her living room, in the Hasard street in Paris, improvising and playing the successful tunes of the last operas on the harpsichord.<\/p>\n<p>Works and transcriptions for solo harpsichord by Jean-Henri d&#8217;Anglebert, Jacques Hardel, Fran\u00e7ois Couperin, \u00c9lisabeth Jacquet de La Guerre, Mlle de M\u00e9netou, Jean-Baptiste Lully.<\/p>\n<p>&nbsp;<\/p>\n<p><a href=\"https:\/\/www.calameo.com\/read\/006852896b1d8389ac983\" target=\"_blank\" rel=\"noopener\">Booklet in English<\/a><\/p>\n<\/div>\n<p>[\/vc_column_text][vc_empty_space][\/vc_column][\/vc_row][vc_row][vc_column][vc_column_text]<\/p>\n<p>[\/vc_column_text][\/vc_column][\/vc_row][vc_row][vc_column][vc_video link=&#8221;https:\/\/youtu.be\/SQGZ7C9w2nk&#8221;][\/vc_column][\/vc_row][vc_row][vc_column][vc_empty_space][\/vc_column][\/vc_row]<\/p>\n<\/div>","protected":false},"excerpt":{"rendered":"<p>[vc_row css=&#8221;.vc_custom_1604332516720{padding-top: 8.33% !important;padding-bottom: 8.2% !important;}&#8221;][vc_column offset=&#8221;vc_col-lg-6 vc_col-md-12&#8243;][vc_empty_space height=&#8221;21px&#8221;][vc_column_text] .You can listen to the record on the streaming sites [\/vc_column_text][vc_empty_space][vc_empty_space][\/vc_column][vc_column offset=&#8221;vc_col-lg-6 vc_col-md-12&#8243; el_class=&#8221;inverser-colonnes&#8221;][vc_column_text css=&#8221;&#8221;] The living room of the Hasard street Miss Certain, harpsichordist of the Great Century Mathilde Mugot, harpsichord Release\u00a0 May 3, 2024&#8230;<\/p>\n","protected":false},"author":2,"featured_media":0,"parent":0,"menu_order":0,"comment_status":"closed","ping_status":"closed","template":"","meta":{"_seopress_robots_primary_cat":"","_seopress_titles_title":"","_seopress_titles_desc":"","_seopress_robots_index":"","footnotes":""},"class_list":["post-12087","page","type-page","status-publish"],"_links":{"self":[{"href":"https:\/\/seuletoile.fr\/en\/wp-json\/wp\/v2\/pages\/12087","targetHints":{"allow":["GET"]}}],"collection":[{"href":"https:\/\/seuletoile.fr\/en\/wp-json\/wp\/v2\/pages"}],"about":[{"href":"https:\/\/seuletoile.fr\/en\/wp-json\/wp\/v2\/types\/page"}],"author":[{"embeddable":true,"href":"https:\/\/seuletoile.fr\/en\/wp-json\/wp\/v2\/users\/2"}],"replies":[{"embeddable":true,"href":"https:\/\/seuletoile.fr\/en\/wp-json\/wp\/v2\/comments?post=12087"}],"version-history":[{"count":2,"href":"https:\/\/seuletoile.fr\/en\/wp-json\/wp\/v2\/pages\/12087\/revisions"}],"predecessor-version":[{"id":12723,"href":"https:\/\/seuletoile.fr\/en\/wp-json\/wp\/v2\/pages\/12087\/revisions\/12723"}],"wp:attachment":[{"href":"https:\/\/seuletoile.fr\/en\/wp-json\/wp\/v2\/media?parent=12087"}],"curies":[{"name":"wp","href":"https:\/\/api.w.org\/{rel}","templated":true}]}}