{"id":11405,"date":"2023-02-13T07:41:15","date_gmt":"2023-02-13T06:41:15","guid":{"rendered":"https:\/\/seuletoile.fr\/?page_id=11405"},"modified":"2023-02-13T08:08:12","modified_gmt":"2023-02-13T07:08:12","slug":"miercoles-de-tinieblas","status":"publish","type":"page","link":"https:\/\/seuletoile.fr\/en\/miercoles-de-tinieblas\/","title":{"rendered":"Mi\u00e9rcoles de Tinieblas"},"content":{"rendered":"<div class=\"wpb-content-wrapper\"><p>[vc_row css=&#8221;.vc_custom_1604332516720{padding-top: 8.33% !important;padding-bottom: 8.2% !important;}&#8221;][vc_column offset=&#8221;vc_col-lg-6 vc_col-md-12&#8243;]<div class=\"edgtf-album-disc edgtf-animate-on-appear\">\n\t\t\t<a href=\"http:\/\/localhost:8888\/seuletoile\/product\/album-le-violon-et-loiseau\/\" target=\"_self\"><\/a>\n\t\t<div class=\"edgtf-album-disc-inner\">\n\t\t<div class=\"edgtf-album-disc-case-holder\">\n\t\t\t<img decoding=\"async\" class=\"edgtf-album-disc-case\" src=\"https:\/\/seuletoile.fr\/wp-content\/uploads\/2023\/01\/Couverture-399x399px-1.jpg\" alt=\"couverture 399px\" \/>\n\t\t<\/div>\n\t\t<div class=\"edgtf-album-disc-element\">\n\t\t\t<div class=\"edgtf-album-disc-image-holder\">\n\t\t\t\t<div class=\"edgtf-album-disc-image\" style=\"background-image:url(https:\/\/seuletoile.fr\/wp-content\/uploads\/2023\/02\/Semura-sonora.png)\">\n\t\t\t\t\t<span class=\"edgtf-album-disc-border\" ><\/span>\n\t\t\t\t<\/div> \n\t\t\t<\/div>\t\t\t\n\t\t<\/div>\n\t<\/div>\n<\/div>[vc_empty_space height=&#8221;21px&#8221;][vc_column_text]Le disque est disponible \u00e0 l\u2019\u00e9coute sur les sites de streaming.[\/vc_column_text][vc_empty_space height=&#8221;100px&#8221;][\/vc_column][vc_column offset=&#8221;vc_col-lg-6 vc_col-md-12&#8243;][vc_column_text]<\/p>\n<h3>Ensemble Semura Sonora<\/h3>\n<h4>Mi\u00e9rcoles de Tinieblas<\/h4>\n<h5>Lucien Julien-Laferri\u00e8re &amp; Clara Espinosa Encinas |<\/h5>\n<p>Sortie le 31 mars 2023 \u2013 simple CD \u2013 r\u00e9f\u00e9rence : SEC 07 \u2013 dur\u00e9e totale : 50\u201940<br \/>\nLabel : Seul\u00e9toile \u2013 Distribution : Socadisc<\/p>\n<p>Prix : 15\u20ac<\/p>\n<form class=\"cart\" enctype=\"multipart\/form-data\" method=\"post\"><input name=\"add-to-cart\" type=\"hidden\" value=\"11409\" \/><\/p>\n<p><button class=\"edgtf-btn edgtf-btn-medium edgtf-btn-outline single_add_to_cart_button alt\" type=\"submit\"> <span class=\"edgtf-btn-text\">Ajouter au panier<\/span> <\/button><\/p>\n<\/form>\n<p>&nbsp;<\/p>\n<h5><\/h5>\n<p>[\/vc_column_text][vc_column_text]<\/p>\n<div><strong>Musique pour le soir du Mercredi saint de la cath\u00e9drale de Zamora<\/strong><\/div>\n<div><\/div>\n<div style=\"text-align: justify;\">Il y a trois si\u00e8cles, pour la c\u00e9l\u00e9bration des festivit\u00e9s de la Semaine sainte, les cath\u00e9drales de tout le royaume d\u2019Espagne r\u00e9sonnaient de musiques o\u00f9 l\u2019excellence le disputait \u00e0 l\u2019originalit\u00e9. Parmi elles, la cath\u00e9drale de Zamora, dans l\u2019Ouest espagnol, avec deux de ses ma\u00eetres de chapelle : Juan Garc\u00eda de Salazar, qui voit le XVII<sup>e<\/sup> si\u00e8cle se refermer, et Alonso de Cobaleda, son \u00e9l\u00e8ve, r\u00e9cepteur des italianismes du XVIII<sup>e<\/sup> si\u00e8cle. Leurs deux styles cohabitent dans ce premier disque de l\u2019ensemble Semura Sonora, qui nous propose une immersion au c\u0153ur des sonorit\u00e9s d\u2019un office des t\u00e9n\u00e8bres chant\u00e9 lors d\u2019un Mercredi saint des ann\u00e9es 1720.<\/div>\n<p>[\/vc_column_text][\/vc_column][\/vc_row][vc_row][vc_column][vc_video link=&#8221;https:\/\/youtu.be\/KyfxX9G1ROc&#8221;][\/vc_column][\/vc_row][vc_row][vc_column][vc_empty_space][\/vc_column][\/vc_row]<\/p>\n<\/div>","protected":false},"excerpt":{"rendered":"<p>[vc_row css=&#8221;.vc_custom_1604332516720{padding-top: 8.33% !important;padding-bottom: 8.2% !important;}&#8221;][vc_column offset=&#8221;vc_col-lg-6 vc_col-md-12&#8243;][vc_empty_space height=&#8221;21px&#8221;][vc_column_text]Le disque est disponible \u00e0 l\u2019\u00e9coute sur les sites de streaming.[\/vc_column_text][vc_empty_space height=&#8221;100px&#8221;][\/vc_column][vc_column offset=&#8221;vc_col-lg-6 vc_col-md-12&#8243;][vc_column_text] Ensemble Semura Sonora Mi\u00e9rcoles de Tinieblas Lucien Julien-Laferri\u00e8re &amp; Clara Espinosa Encinas | Sortie le 31 mars 2023 \u2013 simple CD \u2013 r\u00e9f\u00e9rence&#8230;<\/p>\n","protected":false},"author":2,"featured_media":0,"parent":0,"menu_order":0,"comment_status":"closed","ping_status":"closed","template":"","meta":{"_seopress_robots_primary_cat":"","_seopress_titles_title":"","_seopress_titles_desc":"","_seopress_robots_index":"","footnotes":""},"class_list":["post-11405","page","type-page","status-publish"],"_links":{"self":[{"href":"https:\/\/seuletoile.fr\/en\/wp-json\/wp\/v2\/pages\/11405","targetHints":{"allow":["GET"]}}],"collection":[{"href":"https:\/\/seuletoile.fr\/en\/wp-json\/wp\/v2\/pages"}],"about":[{"href":"https:\/\/seuletoile.fr\/en\/wp-json\/wp\/v2\/types\/page"}],"author":[{"embeddable":true,"href":"https:\/\/seuletoile.fr\/en\/wp-json\/wp\/v2\/users\/2"}],"replies":[{"embeddable":true,"href":"https:\/\/seuletoile.fr\/en\/wp-json\/wp\/v2\/comments?post=11405"}],"version-history":[{"count":0,"href":"https:\/\/seuletoile.fr\/en\/wp-json\/wp\/v2\/pages\/11405\/revisions"}],"wp:attachment":[{"href":"https:\/\/seuletoile.fr\/en\/wp-json\/wp\/v2\/media?parent=11405"}],"curies":[{"name":"wp","href":"https:\/\/api.w.org\/{rel}","templated":true}]}}