{"id":11031,"date":"2022-10-15T22:18:13","date_gmt":"2022-10-15T20:18:13","guid":{"rendered":"https:\/\/seuletoile.fr\/?page_id=11031"},"modified":"2023-03-06T07:19:26","modified_gmt":"2023-03-06T06:19:26","slug":"la-sorella-mi-fa-fallare2","status":"publish","type":"page","link":"https:\/\/seuletoile.fr\/en\/la-sorella-mi-fa-fallare2\/","title":{"rendered":"La Sorella mi fa fallare"},"content":{"rendered":"<div class=\"wpb-content-wrapper\"><p>[vc_row css=&#8221;.vc_custom_1604332516720{padding-top: 8.33% !important;padding-bottom: 8.2% !important;}&#8221;][vc_column offset=&#8221;vc_col-lg-6 vc_col-md-12&#8243;]<div class=\"edgtf-album-disc edgtf-animate-on-appear\">\n\t\t\t<a href=\"http:\/\/localhost:8888\/seuletoile\/product\/album-le-violon-et-loiseau\/\" target=\"_self\"><\/a>\n\t\t<div class=\"edgtf-album-disc-inner\">\n\t\t<div class=\"edgtf-album-disc-case-holder\">\n\t\t\t<img decoding=\"async\" class=\"edgtf-album-disc-case\" src=\"https:\/\/seuletoile.fr\/wp-content\/uploads\/2022\/10\/Ozio-Regio-couverture-400px.jpg\" alt=\"Ozio-Regio-couverture-400px\" \/>\n\t\t<\/div>\n\t\t<div class=\"edgtf-album-disc-element\">\n\t\t\t<div class=\"edgtf-album-disc-image-holder\">\n\t\t\t\t<div class=\"edgtf-album-disc-image\" style=\"background-image:url(https:\/\/seuletoile.fr\/wp-content\/uploads\/2022\/09\/Galette-du-cd.png)\">\n\t\t\t\t\t<span class=\"edgtf-album-disc-border\" ><\/span>\n\t\t\t\t<\/div> \n\t\t\t<\/div>\t\t\t\n\t\t<\/div>\n\t<\/div>\n<\/div>[vc_empty_space height=&#8221;21px&#8221;]<div class=\"edgtf-album-track-list edgtf-album-dark\" id=\"edgt-album-id-1995459225\">\n\t\t<div class=\"edgtf-album-track\" data-track-order=\"1\">\n\t\t\t<span class=\"edgtf-at-title\">\n\t\t\t\t\t\t\t\t\t<span class=\"edgtf-at-number\">1. <\/span>Sonata overo Canzone 18 a quattro, op. 7 - Marco Uccellini\t\t\t\t\t\t\t<\/span>\n\t\t\t<span class=\"edgtf-at-time\">3:07<\/span>\n\t\t\t<a class=\"edgtf-at-play-button\">\n\t\t\t\t<audio src=\"https:\/\/seuletoile.fr\/wp-content\/uploads\/2020\/09\/02-Sonata-overo-Canzone-18-a-quattro-op.-7-Marco-Uccellini-Ozio-Regio.mp3\"><\/audio>\n\t\t\t\t<i class=\"fa fa-play edgtf-at-play-icon\"><\/i><i class=\"fa fa-pause edgtf-at-pause-icon\"><\/i>\n\t\t\t<\/a>\n\t\t\t<span class=\"edgtf-at-video-button-holder\">\n\t\t\t\t\t\t\t<\/span>\n\t\t\t<span class=\"edgtf-at-download-holder\">\n\t\t\t\t\t\t\t<\/span>\n\t\t<\/div>\n\t\t<div class=\"edgtf-album-track\" data-track-order=\"2\">\n\t\t\t<span class=\"edgtf-at-title\">\n\t\t\t\t\t\t\t\t\t<span class=\"edgtf-at-number\">2. <\/span>Sonata 16 a tre, La Vendramina, op. 3 - Marco Uccellini\t\t\t\t\t\t\t<\/span>\n\t\t\t<span class=\"edgtf-at-time\">4:18<\/span>\n\t\t\t<a class=\"edgtf-at-play-button\">\n\t\t\t\t<audio src=\"https:\/\/seuletoile.fr\/wp-content\/uploads\/2020\/09\/13-Sonata-16-a-tre-La-Vendramina-op.-3-Marco-Uccellini-Ozio-Regio.mp3\"><\/audio>\n\t\t\t\t<i class=\"fa fa-play edgtf-at-play-icon\"><\/i><i class=\"fa fa-pause edgtf-at-pause-icon\"><\/i>\n\t\t\t<\/a>\n\t\t\t<span class=\"edgtf-at-video-button-holder\">\n\t\t\t\t\t\t\t<\/span>\n\t\t\t<span class=\"edgtf-at-download-holder\">\n\t\t\t\t\t\t\t<\/span>\n\t\t<\/div>\n\t\t<div class=\"edgtf-album-track\" data-track-order=\"3\">\n\t\t\t<span class=\"edgtf-at-title\">\n\t\t\t\t\t\t\t\t\t<span class=\"edgtf-at-number\">3. <\/span>Aria 15 sopra La Scatola da gli aghi, op. 4 - Marco Uccellini\t\t\t\t\t\t\t<\/span>\n\t\t\t<span class=\"edgtf-at-time\">2:53<\/span>\n\t\t\t<a class=\"edgtf-at-play-button\">\n\t\t\t\t<audio src=\"https:\/\/seuletoile.fr\/wp-content\/uploads\/2020\/09\/16-Aria-15-sopra-La-Scatola-da-gli-aghi-op.-4-Marco-Uccellini-Ozio-Regio.mp3\"><\/audio>\n\t\t\t\t<i class=\"fa fa-play edgtf-at-play-icon\"><\/i><i class=\"fa fa-pause edgtf-at-pause-icon\"><\/i>\n\t\t\t<\/a>\n\t\t\t<span class=\"edgtf-at-video-button-holder\">\n\t\t\t\t\t\t\t<\/span>\n\t\t\t<span class=\"edgtf-at-download-holder\">\n\t\t\t\t\t\t\t<\/span>\n\t\t<\/div>\n<\/div>[vc_empty_space][vc_column_text]<a href=\"https:\/\/music.imusician.pro\/a\/IgFyqeSK\/\" target=\"_blank\" rel=\"noopener\">You can listen to the record on the streaming sites.<\/a>[\/vc_column_text][vc_empty_space][\/vc_column][vc_column offset=&#8221;vc_col-lg-6 vc_col-md-12&#8243;][vc_column_text]<\/p>\n<h3>La Sorella mi fa fallare<\/h3>\n<h4>Ozio Regio ensemble<\/h4>\n<h5>Ana\u00eblle Blanc-Verdin &amp; J\u00e9r\u00f4me van Waerbeke, violins | Sarah Dubus, cornetto and recorder | Mathieu Valfr\u00e9 &amp; Arnaud De Pasquale, organ and harpsichord | Jean-Baptiste Valfr\u00e9, cello | Nicolas Vazquez, <span class=\"text__translation\">sackbut<\/span><\/h5>\n<p>Release : 4th November 2022 \u2013 CD box \u2013 reference SE 05 \u2013 run time : 57\u201904 &#8211; Label : Seul\u00e9toile \u2013 Distributing company : Socadisc ISBN 3770020083099 &#8211; CD &amp; booklet, printed and made in France<\/p>\n<p>Price : 15\u20ac<\/p>\n<form class=\"cart\" enctype=\"multipart\/form-data\" method=\"post\"><input name=\"add-to-cart\" type=\"hidden\" value=\"10995\" \/><\/p>\n<p><button class=\"edgtf-btn edgtf-btn-medium edgtf-btn-outline single_add_to_cart_button alt\" type=\"submit\"> <span class=\"edgtf-btn-text\">Add to cart<\/span> <\/button><\/p>\n<\/form>\n<h5><\/h5>\n<p>[\/vc_column_text][vc_empty_space][vc_column_text]<\/p>\n<div class=\"wpb_text_column wpb_content_element vc_custom_1665740419095\">\n<div class=\"wpb_wrapper\">\n<div>\n<div class=\"x11i5rnm xat24cr x1mh8g0r x1vvkbs xtlvy1s x126k92a\">\n<div dir=\"auto\">Looking to the stars, the 17th century takes us on a journey of fundamental wonder, scientific discovery and wild inventions. Music did not escape this effervescence and Marco Uccellini, a violinist and composer of the time, produced pieces bringing together numerous compositional investigations.<\/div>\n<div dir=\"auto\"><\/div>\n<\/div>\n<div class=\"x11i5rnm xat24cr x1mh8g0r x1vvkbs xtlvy1s x126k92a\">\n<div dir=\"auto\">With this first disc, the Ozio Regio ensemble revisits the century that discovered that the Earth revolves around a star, to recapture the wonder of discovery.<\/div>\n<\/div>\n<div dir=\"auto\">\n<p><a href=\"https:\/\/www.calameo.com\/read\/0068528960c05744d410c\">English translation of the CD booklet<\/a><\/p>\n<p><a href=\"https:\/\/www.calameo.com\/read\/0068528961906917621ef\">Traduzione italiana del libretto<\/a><\/p>\n<\/div>\n<\/div>\n<\/div>\n<\/div>\n<p>[\/vc_column_text][\/vc_column][\/vc_row][vc_row][vc_column][\/vc_column][\/vc_row][vc_row][vc_column][\/vc_column][\/vc_row][vc_row][vc_column][vc_video link=&#8221;https:\/\/youtu.be\/Aag5gDXjPvg&#8221;][\/vc_column][\/vc_row][vc_row][vc_column][vc_empty_space][\/vc_column][\/vc_row]<\/p>\n<\/div>","protected":false},"excerpt":{"rendered":"<p>[vc_row css=&#8221;.vc_custom_1604332516720{padding-top: 8.33% !important;padding-bottom: 8.2% !important;}&#8221;][vc_column offset=&#8221;vc_col-lg-6 vc_col-md-12&#8243;][vc_empty_space height=&#8221;21px&#8221;][vc_empty_space][vc_column_text]You can listen to the record on the streaming sites.[\/vc_column_text][vc_empty_space][\/vc_column][vc_column offset=&#8221;vc_col-lg-6 vc_col-md-12&#8243;][vc_column_text] La Sorella mi fa fallare Ozio Regio ensemble Ana\u00eblle Blanc-Verdin &amp; J\u00e9r\u00f4me van Waerbeke, violins | Sarah Dubus, cornetto and recorder | Mathieu Valfr\u00e9 &amp;&#8230;<\/p>\n","protected":false},"author":2,"featured_media":0,"parent":0,"menu_order":0,"comment_status":"closed","ping_status":"closed","template":"","meta":{"_seopress_robots_primary_cat":"","_seopress_titles_title":"","_seopress_titles_desc":"With this first disc and the music of Marco Uccellini, the Ozio Regio ensemble revisits the century that discovered that the Earth revolves around a star.","_seopress_robots_index":"","footnotes":""},"class_list":["post-11031","page","type-page","status-publish"],"_links":{"self":[{"href":"https:\/\/seuletoile.fr\/en\/wp-json\/wp\/v2\/pages\/11031","targetHints":{"allow":["GET"]}}],"collection":[{"href":"https:\/\/seuletoile.fr\/en\/wp-json\/wp\/v2\/pages"}],"about":[{"href":"https:\/\/seuletoile.fr\/en\/wp-json\/wp\/v2\/types\/page"}],"author":[{"embeddable":true,"href":"https:\/\/seuletoile.fr\/en\/wp-json\/wp\/v2\/users\/2"}],"replies":[{"embeddable":true,"href":"https:\/\/seuletoile.fr\/en\/wp-json\/wp\/v2\/comments?post=11031"}],"version-history":[{"count":0,"href":"https:\/\/seuletoile.fr\/en\/wp-json\/wp\/v2\/pages\/11031\/revisions"}],"wp:attachment":[{"href":"https:\/\/seuletoile.fr\/en\/wp-json\/wp\/v2\/media?parent=11031"}],"curies":[{"name":"wp","href":"https:\/\/api.w.org\/{rel}","templated":true}]}}