{"id":10612,"date":"2017-03-13T15:27:41","date_gmt":"2017-03-13T14:27:41","guid":{"rendered":"https:\/\/seuletoile.fr\/diego-salamanca\/"},"modified":"2022-03-24T16:36:32","modified_gmt":"2022-03-24T15:36:32","slug":"diego-salamanca","status":"publish","type":"page","link":"https:\/\/seuletoile.fr\/en\/diego-salamanca\/","title":{"rendered":"Diego Salamanca"},"content":{"rendered":"<div class=\"wpb-content-wrapper\"><p>[vc_row content_width=&#8221;grid&#8221; css=&#8221;.vc_custom_1490354378362{padding-top: 89px !important;padding-bottom: 25px !important;}&#8221;][vc_column offset=&#8221;vc_col-lg-6 vc_col-md-12&#8243;][vc_single_image image=&#8221;10439&#8243; img_size=&#8221;full&#8221;][vc_empty_space height=&#8221;50px&#8221;][\/vc_column][vc_column offset=&#8221;vc_col-lg-6 vc_col-md-12&#8243;]<div class=\"edgtf-elements-holder edgtf-responsive-mode-1280 edgtf-one-column-alignment-left\" ><div class=\"edgtf-elements-holder-item \" data-item-class=\"edgtf-elements-holder-custom-186439\" data-1024-1280=\"0 0 0 4%\" data-768-1024=\"24px 0 0 0%\" data-600-768=\"24px 0 0 0%\" data-480-600=\"24px 0 0 0%\" data-480=\"10px 0 0 0%\" >\n\t<div class=\"edgtf-elements-holder-item-inner\">\n\t\t<div class=\"edgtf-elements-holder-item-content edgtf-elements-holder-custom-186439\" style=\"padding: 0 0 0 17%\">\n\t\t\t[vc_column_text]<\/p>\n<h1 id=\"titrespages2\">DIEGO SALAMANCA<\/h1>\n<p>[\/vc_column_text][vc_empty_space height=&#8221;28px&#8221;][vc_column_text]<\/p>\n<p style=\"text-align: justify;\">Born in 1977, in Bogota, Diego Salamanca began his musical training in his home country before continuing his lute studies with Eug\u00e8ne Ferr\u00e9 at the Conservatoire National Sup\u00e9rieur de Musique of Lyon. In addition to his work on the 17th and 18th centuries lute repertoire, he performs with various ensembles, including the Pygmalion Ensemble (Raphael Pichon) and the Correspondances Ensemble (S\u00e9bastien Dauc\u00e9).<\/p>\n<p>Apart from his life as a musician, Diego has a passion for photography. He takes photos every day, capturing the images that the artistic context in which he evolves offers him.<\/p>\n<p>The cover photos of the Coloquintes Duo\u2019s records were taken by him as well as those of his record, <em>Lute pieces by S.L. Weiss<\/em>.[\/vc_column_text][vc_empty_space height=&#8221;95px&#8221;]\t\t<\/div>\n\t<\/div>\n<\/div><\/div>[vc_empty_space height=&#8221;50px&#8221;][\/vc_column][\/vc_row]<\/p>\n<\/div>","protected":false},"excerpt":{"rendered":"<p>[vc_row content_width=&#8221;grid&#8221; css=&#8221;.vc_custom_1490354378362{padding-top: 89px !important;padding-bottom: 25px !important;}&#8221;][vc_column offset=&#8221;vc_col-lg-6 vc_col-md-12&#8243;][vc_single_image image=&#8221;10439&#8243; img_size=&#8221;full&#8221;][vc_empty_space height=&#8221;50px&#8221;][\/vc_column][vc_column offset=&#8221;vc_col-lg-6 vc_col-md-12&#8243;][vc_empty_space height=&#8221;50px&#8221;][\/vc_column][\/vc_row]<\/p>\n","protected":false},"author":2,"featured_media":0,"parent":0,"menu_order":0,"comment_status":"closed","ping_status":"closed","template":"full-width.php","meta":{"_seopress_robots_primary_cat":"","_seopress_titles_title":"Diego Salamanca","_seopress_titles_desc":"Diego Salamanca performs with various ensembles, including the Pygmalion Ensemble (Raphael Pichon) and the Correspondances Ensemble (S\u00e9bastien Dauc\u00e9).","_seopress_robots_index":"","footnotes":""},"class_list":["post-10612","page","type-page","status-publish"],"_links":{"self":[{"href":"https:\/\/seuletoile.fr\/en\/wp-json\/wp\/v2\/pages\/10612","targetHints":{"allow":["GET"]}}],"collection":[{"href":"https:\/\/seuletoile.fr\/en\/wp-json\/wp\/v2\/pages"}],"about":[{"href":"https:\/\/seuletoile.fr\/en\/wp-json\/wp\/v2\/types\/page"}],"author":[{"embeddable":true,"href":"https:\/\/seuletoile.fr\/en\/wp-json\/wp\/v2\/users\/2"}],"replies":[{"embeddable":true,"href":"https:\/\/seuletoile.fr\/en\/wp-json\/wp\/v2\/comments?post=10612"}],"version-history":[{"count":0,"href":"https:\/\/seuletoile.fr\/en\/wp-json\/wp\/v2\/pages\/10612\/revisions"}],"wp:attachment":[{"href":"https:\/\/seuletoile.fr\/en\/wp-json\/wp\/v2\/media?parent=10612"}],"curies":[{"name":"wp","href":"https:\/\/api.w.org\/{rel}","templated":true}]}}