{"id":10600,"date":"2021-06-24T18:37:22","date_gmt":"2021-06-24T16:37:22","guid":{"rendered":"https:\/\/seuletoile.fr\/the-alphabet-primer-bestiary\/"},"modified":"2024-06-13T04:48:11","modified_gmt":"2024-06-13T02:48:11","slug":"the-alphabet-primer-bestiary","status":"publish","type":"page","link":"https:\/\/seuletoile.fr\/en\/the-alphabet-primer-bestiary\/","title":{"rendered":"The alphabet-primer bestiary"},"content":{"rendered":"<div class=\"wpb-content-wrapper\"><p>[vc_row css=&#8221;.vc_custom_1604332516720{padding-top: 8.33% !important;padding-bottom: 8.2% !important;}&#8221;][vc_column offset=&#8221;vc_col-lg-6 vc_col-md-12&#8243;][vc_single_image image=&#8221;10501&#8243; img_size=&#8221;full&#8221; alignment=&#8221;center&#8221;][vc_column_text][\/vc_column_text][vc_empty_space][vc_btn title=&#8221;ALBUM TO LISTEN&#8221; color=&#8221;violet&#8221; align=&#8221;center&#8221; i_icon_fontawesome=&#8221;fas fa-music&#8221; add_icon=&#8221;true&#8221; link=&#8221;url:https%3A%2F%2Fseuletoile.fr%2Falbum%2Fle-bestiaire-abecedaire%2F|title:The%20alphabet-primer%20bestiary|target:_blank|&#8221;][vc_empty_space][vc_single_image image=&#8221;10541&#8243; img_size=&#8221;full&#8221;][vc_empty_space][vc_column_text]<\/p>\n<h5><a href=\"https:\/\/www.calameo.com\/read\/006852896f6095323b707\" target=\"_blank\" rel=\"noopener\">This pedagogical file for schools and parents will tell you more about what you can find in the book and record.<\/a><\/h5>\n<p>[\/vc_column_text][vc_empty_space][\/vc_column][vc_column offset=&#8221;vc_col-lg-6 vc_col-md-12&#8243;][vc_raw_html]PGgxIGlkPSJ0aXRyZXNwYWdlcyI+VEhFIEFMUEhBQkVULVBSSU1FUiBCRVNUSUFSWTwvaDE+[\/vc_raw_html][vc_column_text]<\/p>\n<h4>A CD &amp; book by Artifices Ensemble made with children from 3 to 10 years old.<\/h4>\n<h5>Alice Julien-Laferri\u00e8re, violin ad artistic direction\/ Etienne Bazola, singing and tambourine \/ Matthieu Bertaud, flutes\/ Julie Dessaint, bass viol\/ Takahisa Aida, harpsichord\/ Aristide Moari, composition<\/h5>\n<p>Release 19th November 2020 &#8211; book and cd &#8211; reference SEA 05 -run time 41\u2019- Label : Seul\u00e9toile &#8211; Distributing company : Socadisc ISBN 3770020083068 &#8211; Amalia Diffusion et Rendez-vous avec la nature ISBN 9780201379624<br \/>\nCD &amp; book, printed and made in France<\/p>\n<p>Price 16\u20ac<\/p>\n<form class=\"cart\" enctype=\"multipart\/form-data\" method=\"post\"><input name=\"add-to-cart\" type=\"hidden\" value=\"10216\" \/><\/p>\n<p><button class=\"edgtf-btn edgtf-btn-medium edgtf-btn-outline single_add_to_cart_button alt\" type=\"submit\"> <span class=\"edgtf-btn-text\">Add to cart<\/span> <\/button><\/p>\n<\/form>\n<p>[\/vc_column_text][vc_empty_space][vc_column_text css=&#8221;&#8221;]<\/p>\n<div><a href=\"https:\/\/www.calameo.com\/read\/0068528969b7e2dd2b84a\" target=\"_blank\" rel=\"noopener\">Press review<\/a><\/div>\n<div><\/div>\n<div style=\"text-align: justify;\">The book and CD : <em>The alphabet primer bestiary<\/em> is the result of a rich and busy year in the schools of La Chaux (71) and Raddon-Breuchotte (70). To achieve this project, the musicians shared a place to live and work. It was carried out by highly motivated artists, teachers and pupils! C\u00e9cile Desbois, Armelle Bossi\u00e8re, Adeline Ruel, Lucien Julien-Laferri\u00e8re, Catherine Weissmann and the teachers, worked with the children.<\/div>\n<p>[\/vc_column_text][vc_empty_space height=&#8221;12px&#8221;][vc_column_text]<\/p>\n<div><\/div>\n<div style=\"text-align: justify;\">In the book, there are :<br \/>\nA lot of animals. They are exactly 26 ! It\u2019s called a <strong>bestiary<\/strong><br \/>\nThe animals are listed in alphabetical order, so this is an <strong>alphabet primer<\/strong>.<\/div>\n<div style=\"text-align: justify;\">Animals, printed with illuminated letters can be found in the poems : rondos, nursery rhymes, songs, ballads, stories.<\/div>\n<div><\/div>\n<div style=\"text-align: justify;\">The texts, written by the children are next to the ones by Guillaume Apollinaire and Jean de la Fontaine. In the record you can find some musical pieces (no baroque !) sung and played by a group of musicians with harpsichord, bass viol, flutes and violin.<\/div>\n<p>[\/vc_column_text][vc_column_text]<img loading=\"lazy\" decoding=\"async\" class=\"alignnone wp-image-10249 size-full\" src=\"https:\/\/seuletoile.fr\/wp-content\/uploads\/2021\/12\/Bandeau_partenaires_HD.jpg\" alt=\"\" width=\"1004\" height=\"166\" srcset=\"https:\/\/seuletoile.fr\/wp-content\/uploads\/2021\/12\/Bandeau_partenaires_HD.jpg 1004w, https:\/\/seuletoile.fr\/wp-content\/uploads\/2021\/12\/Bandeau_partenaires_HD-300x50.jpg 300w, https:\/\/seuletoile.fr\/wp-content\/uploads\/2021\/12\/Bandeau_partenaires_HD-768x127.jpg 768w, https:\/\/seuletoile.fr\/wp-content\/uploads\/2021\/12\/Bandeau_partenaires_HD-1000x166.jpg 1000w, https:\/\/seuletoile.fr\/wp-content\/uploads\/2021\/12\/Bandeau_partenaires_HD-600x99.jpg 600w\" sizes=\"auto, (max-width: 1004px) 100vw, 1004px\" \/>[\/vc_column_text][\/vc_column][\/vc_row][vc_row][vc_column width=&#8221;1\/5&#8243;][vc_single_image image=&#8221;10489&#8243; img_size=&#8221;300&#215;200&#8243;][\/vc_column][vc_column width=&#8221;1\/5&#8243;][vc_single_image image=&#8221;10492&#8243; img_size=&#8221;300&#215;200&#8243;][\/vc_column][vc_column width=&#8221;1\/5&#8243;][vc_single_image image=&#8221;10502&#8243; img_size=&#8221;300&#215;200&#8243;][\/vc_column][vc_column width=&#8221;1\/5&#8243;][vc_single_image image=&#8221;10490&#8243; img_size=&#8221;300&#215;200&#8243;][\/vc_column][vc_column width=&#8221;1\/5&#8243;][vc_single_image image=&#8221;10487&#8243; img_size=&#8221;300&#215;200&#8243;][\/vc_column][\/vc_row][vc_row][vc_column][vc_empty_space height=&#8221;30px&#8221;][\/vc_column][\/vc_row][vc_row][vc_column width=&#8221;1\/5&#8243;][vc_single_image image=&#8221;10484&#8243; img_size=&#8221;300&#215;200&#8243;][\/vc_column][vc_column width=&#8221;1\/5&#8243;][vc_single_image image=&#8221;10488&#8243; img_size=&#8221;300&#215;200&#8243;][\/vc_column][vc_column width=&#8221;1\/5&#8243;][vc_single_image image=&#8221;10491&#8243; img_size=&#8221;300&#215;200&#8243;][\/vc_column][vc_column width=&#8221;1\/5&#8243;][vc_single_image image=&#8221;10485&#8243; img_size=&#8221;300&#215;200&#8243;][\/vc_column][vc_column width=&#8221;1\/5&#8243;][vc_single_image image=&#8221;10486&#8243; img_size=&#8221;300&#215;200&#8243;][\/vc_column][\/vc_row][vc_row][vc_column][vc_empty_space][\/vc_column][\/vc_row][vc_row][vc_column width=&#8221;1\/2&#8243;][vc_video link=&#8221;https:\/\/youtu.be\/iNQLkINGBSo&#8221;][\/vc_column][vc_column width=&#8221;1\/2&#8243;][vc_video link=&#8221;https:\/\/youtu.be\/2_Jwsx0atyk&#8221;][\/vc_column][\/vc_row][vc_row][vc_column][vc_empty_space][\/vc_column][\/vc_row]<\/p>\n<\/div>","protected":false},"excerpt":{"rendered":"<p>[vc_row css=&#8221;.vc_custom_1604332516720{padding-top: 8.33% !important;padding-bottom: 8.2% !important;}&#8221;][vc_column offset=&#8221;vc_col-lg-6 vc_col-md-12&#8243;][vc_single_image image=&#8221;10501&#8243; img_size=&#8221;full&#8221; alignment=&#8221;center&#8221;][vc_column_text][\/vc_column_text][vc_empty_space][vc_btn title=&#8221;ALBUM TO LISTEN&#8221; color=&#8221;violet&#8221; align=&#8221;center&#8221; i_icon_fontawesome=&#8221;fas fa-music&#8221; add_icon=&#8221;true&#8221; link=&#8221;url:https%3A%2F%2Fseuletoile.fr%2Falbum%2Fle-bestiaire-abecedaire%2F|title:The%20alphabet-primer%20bestiary|target:_blank|&#8221;][vc_empty_space][vc_single_image image=&#8221;10541&#8243; img_size=&#8221;full&#8221;][vc_empty_space][vc_column_text] This pedagogical file for schools and parents will tell you more about what you can find in the book and record. [\/vc_column_text][vc_empty_space][\/vc_column][vc_column offset=&#8221;vc_col-lg-6&#8230;<\/p>\n","protected":false},"author":2,"featured_media":0,"parent":0,"menu_order":0,"comment_status":"closed","ping_status":"closed","template":"","meta":{"_seopress_robots_primary_cat":"","_seopress_titles_title":"","_seopress_titles_desc":"","_seopress_robots_index":"","footnotes":""},"class_list":["post-10600","page","type-page","status-publish"],"_links":{"self":[{"href":"https:\/\/seuletoile.fr\/en\/wp-json\/wp\/v2\/pages\/10600","targetHints":{"allow":["GET"]}}],"collection":[{"href":"https:\/\/seuletoile.fr\/en\/wp-json\/wp\/v2\/pages"}],"about":[{"href":"https:\/\/seuletoile.fr\/en\/wp-json\/wp\/v2\/types\/page"}],"author":[{"embeddable":true,"href":"https:\/\/seuletoile.fr\/en\/wp-json\/wp\/v2\/users\/2"}],"replies":[{"embeddable":true,"href":"https:\/\/seuletoile.fr\/en\/wp-json\/wp\/v2\/comments?post=10600"}],"version-history":[{"count":0,"href":"https:\/\/seuletoile.fr\/en\/wp-json\/wp\/v2\/pages\/10600\/revisions"}],"wp:attachment":[{"href":"https:\/\/seuletoile.fr\/en\/wp-json\/wp\/v2\/media?parent=10600"}],"curies":[{"name":"wp","href":"https:\/\/api.w.org\/{rel}","templated":true}]}}